{"id":12,"date":"2019-11-13T13:32:58","date_gmt":"2019-11-13T13:32:58","guid":{"rendered":"http:\/\/www.friendsin.fi\/?page_id=12"},"modified":"2023-10-18T12:23:54","modified_gmt":"2023-10-18T10:23:54","slug":"etusivu","status":"publish","type":"page","link":"https:\/\/www.friendsin.fi\/","title":{"rendered":"Etusivu"},"content":{"rendered":"<p>[et_pb_section fb_built=&#8221;1&#8243; fullwidth=&#8221;on&#8221; custom_padding_last_edited=&#8221;off|desktop&#8221; _builder_version=&#8221;4.4.7&#8243; background_image=&#8221;https:\/\/www.friendsin.fi\/wp-content\/uploads\/2019\/12\/Rajattu-1024&#215;540.jpg&#8221; background_blend=&#8221;darken&#8221; width_tablet=&#8221;&#8221; width_phone=&#8221;&#8221; width_last_edited=&#8221;on|desktop&#8221; min_height_tablet=&#8221;&#8221; min_height_phone=&#8221;600px&#8221; min_height_last_edited=&#8221;on|phone&#8221; height_tablet=&#8221;&#8221; height_phone=&#8221;600px&#8221; height_last_edited=&#8221;on|phone&#8221; max_height_tablet=&#8221;&#8221; max_height_phone=&#8221;600px&#8221; max_height_last_edited=&#8221;on|phone&#8221; custom_margin_phone=&#8221;0px||0px||false|false&#8221; custom_margin_last_edited=&#8221;off|desktop&#8221; custom_padding_phone=&#8221;0px||0px||false|false&#8221; bottom_divider_style=&#8221;asymmetric&#8221; bottom_divider_color=&#8221;#ffffff&#8221; bottom_divider_height=&#8221;160px&#8221; bottom_divider_flip=&#8221;horizontal&#8221;][et_pb_fullwidth_slider use_bg_overlay=&#8221;off&#8221; use_text_overlay=&#8221;off&#8221; _builder_version=&#8221;4.4.7&#8243; background_enable_image=&#8221;off&#8221; min_height=&#8221;1009px&#8221; custom_margin=&#8221;||-1px|||&#8221; custom_margin_tablet=&#8221;0px||-3px||false|false&#8221; custom_margin_phone=&#8221;0px|0px|1px|0px|false|false&#8221; custom_margin_last_edited=&#8221;off|desktop&#8221; custom_padding=&#8221;0px||3px|||&#8221; custom_padding_phone=&#8221;0px|0px|0px||false|false&#8221; custom_padding_last_edited=&#8221;off|desktop&#8221;][et_pb_slide heading=&#8221;Porukassa on voimaa&#8221; use_bg_overlay=&#8221;off&#8221; use_text_overlay=&#8221;off&#8221; _builder_version=&#8221;4.4.7&#8243; header_font=&#8221;Audiowide||||||||&#8221; header_text_align=&#8221;center&#8221; header_font_size=&#8221;100px&#8221; header_letter_spacing=&#8221;0px&#8221; background_image=&#8221;https:\/\/www.friendsin.fi\/wp-content\/uploads\/2019\/12\/Rajattu-scaled.jpg&#8221; background_enable_image=&#8221;on&#8221; background_position=&#8221;bottom_center&#8221; width_tablet=&#8221;&#8221; width_phone=&#8221;100%&#8221; width_last_edited=&#8221;on|phone&#8221; max_width=&#8221;100%&#8221; custom_padding=&#8221;0px||||false|false&#8221; custom_padding_tablet=&#8221;&#8221; custom_padding_phone=&#8221;0px||500px||false|false&#8221; custom_padding_last_edited=&#8221;on|phone&#8221; header_font_size_tablet=&#8221;70px&#8221; header_font_size_phone=&#8221;36px&#8221; header_font_size_last_edited=&#8221;on|phone&#8221; header_line_height_tablet=&#8221;&#8221; header_line_height_phone=&#8221;1em&#8221; header_line_height_last_edited=&#8221;on|phone&#8221; background_color_phone=&#8221;rgba(0,0,0,0)&#8221; background_last_edited=&#8221;on|phone&#8221; background_enable_color_phone=&#8221;on&#8221; background_enable_image_phone=&#8221;off&#8221; parallax_phone=&#8221;off&#8221; parallax_method_phone=&#8221;on&#8221; background_size_phone=&#8221;cover&#8221;]<\/p>\n<h1><strong>Yhdess\u00e4 ostamalla saat tuotteet ja palvelut edullisimmin<\/strong><\/h1>\n<p>[\/et_pb_slide][\/et_pb_fullwidth_slider][\/et_pb_section][et_pb_section fb_built=&#8221;1&#8243; _builder_version=&#8221;4.0.6&#8243; background_color=&#8221;#ffffff&#8221; custom_padding=&#8221;|5px||||&#8221;][et_pb_row column_structure=&#8221;1_5,3_5,1_5&#8243; _builder_version=&#8221;4.0.6&#8243;][et_pb_column type=&#8221;1_5&#8243; _builder_version=&#8221;4.0.6&#8243;][\/et_pb_column][et_pb_column type=&#8221;3_5&#8243; _builder_version=&#8221;4.0.6&#8243;][et_pb_text _builder_version=&#8221;4.0.6&#8243; header_font=&#8221;Audiowide||||||||&#8221;]<\/p>\n<h1 style=\"text-align: left;\">Miksi FriendsIn?<\/h1>\n<p>[\/et_pb_text][et_pb_text _builder_version=&#8221;4.0.6&#8243;]<\/p>\n<ul>\n<li>\n<h4>Palvelu toimii Porukassa br\u00e4ndill\u00e4, sill\u00e4 Porukassa on voimaa<\/h4>\n<\/li>\n<li>\n<h4>Mit\u00e4 suurempi Porukka sit\u00e4 parempi ostovoima ja edut<\/h4>\n<\/li>\n<li>\n<h4>Joukko-ostamisen edell\u00e4k\u00e4vij\u00e4, s\u00e4\u00e4st\u00f6\u00e4 yhteishankinnan keinoin<\/h4>\n<\/li>\n<li>\n<h4>Liittyminen ja k\u00e4ytt\u00f6 on ilmaista, ei ostopakkoa<\/h4>\n<\/li>\n<li>\n<h4>Paikallinen, mutta valtakunnallinen<\/h4>\n<\/li>\n<li>\n<h4>Palvelumme tavoittaa jo l\u00e4hes miljoona suomalaista kuluttajaa <b><\/b><\/h4>\n<\/li>\n<\/ul>\n<p>[\/et_pb_text][\/et_pb_column][et_pb_column type=&#8221;1_5&#8243; _builder_version=&#8221;4.0.6&#8243;][\/et_pb_column][\/et_pb_row][\/et_pb_section][et_pb_section fb_built=&#8221;1&#8243; fullwidth=&#8221;on&#8221; _builder_version=&#8221;4.0.6&#8243; top_divider_style=&#8221;asymmetric&#8221; top_divider_color=&#8221;#ffffff&#8221; top_divider_height=&#8221;160px&#8221; top_divider_flip=&#8221;vertical&#8221; bottom_divider_color=&#8221;#ffffff&#8221;][et_pb_fullwidth_slider _builder_version=&#8221;4.0.6&#8243; custom_padding=&#8221;301px||300px||false|false&#8221;][et_pb_slide _builder_version=&#8221;4.0.6&#8243; background_image=&#8221;https:\/\/www.friendsin.fi\/wp-content\/uploads\/2019\/12\/helena-lopes-e3OUQGT9bWU-unsplash-scaled.jpg&#8221; background_enable_image=&#8221;on&#8221; parallax=&#8221;on&#8221;]<\/p>\n<p style=\"text-align: center;\"><img loading=\"lazy\" src=\"https:\/\/www.friendsin.fi\/wp-content\/uploads\/2019\/11\/FriendsIn_logo_white-300x61.png\" width=\"300\" height=\"61\" alt=\"\" class=\"wp-image-28 aligncenter size-medium\" \/><\/p>\n<p>[\/et_pb_slide][\/et_pb_fullwidth_slider][\/et_pb_section][et_pb_section fb_built=&#8221;1&#8243; _builder_version=&#8221;4.0.6&#8243;][et_pb_row column_structure=&#8221;2_5,3_5&#8243; _builder_version=&#8221;4.0.6&#8243;][et_pb_column type=&#8221;2_5&#8243; _builder_version=&#8221;4.0.6&#8243;][et_pb_image src=&#8221;https:\/\/www.friendsin.fi\/wp-content\/uploads\/2020\/10\/porukassa-logo-slogan-tp.png&#8221; title_text=&#8221;porukassa-logo-slogan-tp&#8221; url=&#8221;https:\/\/porukassa.fi&#8221; url_new_window=&#8221;on&#8221; _builder_version=&#8221;4.4.7&#8243;][\/et_pb_image][et_pb_image src=&#8221;https:\/\/www.friendsin.fi\/wp-content\/uploads\/2019\/12\/Koydenveto.jpg&#8221; _builder_version=&#8221;4.0.6&#8243;][\/et_pb_image][et_pb_image src=&#8221;https:\/\/www.friendsin.fi\/wp-content\/uploads\/2019\/12\/business-woman-drawing-global-structure-networking-data-exchanges-customer-connection_34200-270.jpg&#8221; _builder_version=&#8221;4.0.6&#8243;][\/et_pb_image][\/et_pb_column][et_pb_column type=&#8221;3_5&#8243; _builder_version=&#8221;4.0.6&#8243;][et_pb_text _builder_version=&#8221;4.0.6&#8243; header_font=&#8221;Audiowide||||||||&#8221;]<\/p>\n<h1 style=\"text-align: left;\">Mit\u00e4 teemme?<\/h1>\n<p>[\/et_pb_text][et_pb_text _builder_version=&#8221;4.0.6&#8243;]<\/p>\n<ul>\n<li>\n<div>\n<p><strong>FriendsIN on ostajien yhteenliittym\u00e4\/verkosto<\/strong><span>, <\/span><span>jonka<\/span><span> <\/span><span>tarkoituksena\u00a0<\/span><span>on <\/span><span>saada<\/span><span> <\/span><span>ryhm\u00e4\u00e4n<\/span><span> <\/span><span>kuuluville<\/span><span> <\/span><span>s\u00e4\u00e4st\u00f6\u00e4<\/span><span> <\/span><span>eri<\/span><span> <\/span><span>hankinnoissa<\/span><span>.\u00a0<\/span><span>Yhteenliittym\u00e4<\/span><span> <\/span><span>kilpailuttaa<\/span><span> <\/span><span>palvelut<\/span><span> tai <\/span><span>tuotteet<\/span><span> <\/span><span>ryhm\u00e4n<\/span><span> <\/span><span>puolesta\u00a0<\/span><span><\/span><span>kokoamalla<\/span><span> <\/span><span>tarpeet<\/span><span> <\/span><span>yhteen<\/span><span> <\/span><span>ajallisesti<\/span><span> ja <\/span><span>m\u00e4\u00e4r\u00e4llisesti<\/span><span>.\u00a0<\/span>Yhteiskilpailutus tuo edullisemman hinnan kuin yksin toimien.<\/p>\n<p>&nbsp;<\/p>\n<\/div>\n<\/li>\n<li>\n<div>\n<p><span><\/span><strong>Verkostoon liittyminen on ilmaista<\/strong><span><strong>.<br \/><\/strong><\/span><span style=\"font-size: 14px;\">Verkostot voidaan rakentaa esimerkiksi kunta\/maakunta kohtaisena tai eri yhteis\u00f6jen mukaan.\u00a0 Verkostot voivat rakentua my\u00f6s hankittavan hy\u00f6dykkeen tai palvelun perusteella.\u00a0 Kaikkia ryhmi\u00e4 voidaan my\u00f6s yhdist\u00e4\u00e4 alustalla suuremman ostovolyymin saavuttamiseksi.\u00a0<\/span><\/p>\n<p><span style=\"font-size: 14px;\">\u00a0<\/span><\/p>\n<\/div>\n<\/li>\n<li>\n<div>\n<p>\u00a0<b style=\"font-size: 14px;\">Rajattomat mahdollisuudet<\/b><span style=\"font-size: 14px;\">. Tulevaisuudessa FriendsIN- verkoston avulla voidaan tehd\u00e4 yhteishankintoja l\u00e4hes rajattomasti.\u00a0 FriendsIN tarjoaa kilpailutuksille teknisen alustaratkaisun ja kilpailutuksen voi aloittaa kuka tahansa vaikka omien tuttujen kesken. Kutsumalla yst\u00e4vi\u00e4 mukaan, Porukan ostovolyymi kasvaa ja kaikki hy\u00f6tyv\u00e4t.<\/span><\/p>\n<\/div>\n<\/li>\n<\/ul>\n<p>[\/et_pb_text][\/et_pb_column][\/et_pb_row][\/et_pb_section][et_pb_section fb_built=&#8221;1&#8243; _builder_version=&#8221;4.0.6&#8243; custom_padding=&#8221;0px|||||&#8221;][et_pb_row _builder_version=&#8221;4.0.6&#8243;][et_pb_column type=&#8221;4_4&#8243; _builder_version=&#8221;4.0.6&#8243;][et_pb_gallery gallery_ids=&#8221;182&#8243; fullwidth=&#8221;on&#8221; _builder_version=&#8221;4.0.6&#8243;][\/et_pb_gallery][\/et_pb_column][\/et_pb_row][\/et_pb_section][et_pb_section fb_built=&#8221;1&#8243; fullwidth=&#8221;on&#8221; _builder_version=&#8221;4.0.6&#8243; top_divider_style=&#8221;asymmetric&#8221; top_divider_color=&#8221;#ffffff&#8221; top_divider_height=&#8221;160px&#8221; top_divider_flip=&#8221;vertical&#8221; bottom_divider_color=&#8221;#ffffff&#8221;][et_pb_fullwidth_slider _builder_version=&#8221;4.0.6&#8243; custom_padding=&#8221;301px||300px||false|false&#8221;][et_pb_slide _builder_version=&#8221;4.0.6&#8243; background_image=&#8221;https:\/\/www.friendsin.fi\/wp-content\/uploads\/2019\/12\/anthony-delanoix-hzgs56Ze49s-unsplash-scaled.jpg&#8221; background_enable_image=&#8221;on&#8221; parallax=&#8221;on&#8221;]<\/p>\n<p style=\"text-align: center;\"><img loading=\"lazy\" src=\"https:\/\/www.friendsin.fi\/wp-content\/uploads\/2019\/11\/FriendsIn_logo_white-300x61.png\" width=\"300\" height=\"61\" alt=\"\" class=\"wp-image-28 aligncenter size-medium\" \/><\/p>\n<p>[\/et_pb_slide][\/et_pb_fullwidth_slider][\/et_pb_section][et_pb_section fb_built=&#8221;1&#8243; _builder_version=&#8221;4.0.6&#8243;][et_pb_row column_structure=&#8221;2_5,3_5&#8243; _builder_version=&#8221;4.0.6&#8243;][et_pb_column type=&#8221;2_5&#8243; _builder_version=&#8221;4.0.6&#8243;][et_pb_image src=&#8221;https:\/\/www.friendsin.fi\/wp-content\/uploads\/2019\/12\/toa-heftiba-rdoRdjOk-OY-unsplash-683&#215;1024.jpg&#8221; _builder_version=&#8221;4.0.6&#8243;][\/et_pb_image][\/et_pb_column][et_pb_column type=&#8221;3_5&#8243; _builder_version=&#8221;4.0.6&#8243;][et_pb_text _builder_version=&#8221;4.0.6&#8243; header_font=&#8221;Audiowide||||||||&#8221;]<\/p>\n<h1 style=\"text-align: left;\"><span>Yhteis\u00f6llisyyden\u00a0<\/span><span><\/span><span>filosofiaa<\/span><span><\/span><\/h1>\n<p>[\/et_pb_text][et_pb_text _builder_version=&#8221;4.0.6&#8243;]<\/p>\n<p>FriendsIn on yhteis\u00f6llisyyden alusta eli moderni alustatalouden mahdollisuuksia hy\u00f6dynt\u00e4v\u00e4 ty\u00f6kalu, mik\u00e4 mahdollistaa erilaisten yhteis\u00f6jen muodostumisen (=yst\u00e4v\u00e4t, kunta, maakunta) k\u00e4ytt\u00e4j\u00e4yst\u00e4v\u00e4llisell\u00e4 tavalla. Yhteis\u00f6jen tavoite on kollektiivisen ostovoiman rakentaminen kaikkia hy\u00f6dytt\u00e4v\u00e4sti.<\/p>\n<p>FriendsIn avulla ostovoima voidaan suunnata kaikkia hy\u00f6dytt\u00e4v\u00e4sti hy\u00f6dykkeiden ja palvelujen hankinnassa.\u00a0<\/p>\n<p><a href=\"https:\/\/www.friendsin.fi\/index.php\/yhteisollisyyden-filosofiaa\/\">Lue lis\u00e4\u00e4<\/a><\/p>\n<p>[\/et_pb_text][\/et_pb_column][\/et_pb_row][\/et_pb_section][et_pb_section fb_built=&#8221;1&#8243; fullwidth=&#8221;on&#8221; _builder_version=&#8221;4.0.6&#8243; top_divider_style=&#8221;asymmetric&#8221; top_divider_color=&#8221;#ffffff&#8221; top_divider_height=&#8221;160px&#8221; top_divider_flip=&#8221;vertical&#8221; bottom_divider_color=&#8221;#ffffff&#8221;][et_pb_fullwidth_slider _builder_version=&#8221;4.0.6&#8243; custom_padding=&#8221;301px||300px||false|false&#8221;][et_pb_slide _builder_version=&#8221;4.0.6&#8243; background_image=&#8221;https:\/\/www.friendsin.fi\/wp-content\/uploads\/2019\/12\/pascal-swier-7de474KZIbs-unsplash-scaled.jpg&#8221; background_enable_image=&#8221;on&#8221; parallax=&#8221;on&#8221;]<\/p>\n<p style=\"text-align: center;\"><img loading=\"lazy\" src=\"https:\/\/www.friendsin.fi\/wp-content\/uploads\/2019\/11\/FriendsIn_logo_white-300x61.png\" width=\"300\" height=\"61\" alt=\"\" class=\"wp-image-28 aligncenter size-medium\" \/><\/p>\n<p>[\/et_pb_slide][\/et_pb_fullwidth_slider][\/et_pb_section][et_pb_section fb_built=&#8221;1&#8243; _builder_version=&#8221;4.0.6&#8243; custom_padding=&#8221;0px||0px|||&#8221;][et_pb_row _builder_version=&#8221;4.0.6&#8243; custom_padding=&#8221;60px|||||&#8221;][et_pb_column type=&#8221;4_4&#8243; _builder_version=&#8221;4.0.6&#8243;][et_pb_text _builder_version=&#8221;4.0.6&#8243; text_font=&#8221;Audiowide||||||||&#8221;]<\/p>\n<h1 style=\"text-align: center;\">Tiimi<\/h1>\n<p>[\/et_pb_text][\/et_pb_column][\/et_pb_row][et_pb_row column_structure=&#8221;1_3,1_3,1_3&#8243; _builder_version=&#8221;4.0.6&#8243;][et_pb_column type=&#8221;1_3&#8243; _builder_version=&#8221;4.0.6&#8243;][et_pb_team_member name=&#8221;Harri Kalliokoski&#8221; position=&#8221;CEO, Partner&#8221; image_url=&#8221;https:\/\/www.friendsin.fi\/wp-content\/uploads\/2020\/01\/Henkio\u0308kuvat3-1024&#215;768.jpg&#8221; _builder_version=&#8221;4.0.6&#8243;]<\/p>\n<p><span style=\"font-weight: 400;\">Harrilla on yli 20 v:n toimitusjohtajakokemus finanssitoimialalta. Harri on urallaan k\u00e4ynnist\u00e4nyt uusia tuotteita sek\u00e4 palveluita ja rakentanut niille jakelutieratkaisut. Palveluihin on kuulunut my\u00f6s kilpailutuskoordinointi.<\/span><\/p>\n<p><strong>Ota yhteytt\u00e4:<\/strong><br \/><a href=\"mailto:harri@friendsin.fi\">harri@friendsin.fi<\/a><br \/> Harri Kalliokoski<br \/> 0400 661 389<\/p>\n<p>[\/et_pb_team_member][\/et_pb_column][et_pb_column type=&#8221;1_3&#8243; _builder_version=&#8221;4.0.6&#8243;][et_pb_team_member name=&#8221;Paul Westerlund&#8221; position=&#8221;Digital Platform Advisor&#8221; image_url=&#8221;https:\/\/www.friendsin.fi\/wp-content\/uploads\/2020\/01\/Henkio\u0308kuvat2-1024&#215;768.jpg&#8221; _builder_version=&#8221;4.0.6&#8243;]<\/p>\n<p>Paulilla on yli 20 v:n kokemus verkkoyhteis\u00f6ist\u00e4, digitaalisesta mediasta, internetsovellus- ja mobiilikehityksest\u00e4 sek\u00e4 IT-alalta.<\/p>\n<p>[\/et_pb_team_member][\/et_pb_column][et_pb_column type=&#8221;1_3&#8243; _builder_version=&#8221;4.0.6&#8243;][et_pb_team_member name=&#8221;Jarkko Pennanen&#8221; position=&#8221;CMO, Partner&#8221; image_url=&#8221;https:\/\/www.friendsin.fi\/wp-content\/uploads\/2020\/01\/Henkio\u0308kuvat-1024&#215;768.jpg&#8221; _builder_version=&#8221;4.0.6&#8243;]<\/p>\n<p>Jarkolla on yli 26 v:n kokemus mainonnan ja markkinointikonseptien suunnittelusta ja toteutuksesta. Jarkko on suunnitellut niin kansainv\u00e4lisi\u00e4 kuin kotimaisiakin br\u00e4ndej\u00e4.<\/p>\n<p>[\/et_pb_team_member][\/et_pb_column][\/et_pb_row][\/et_pb_section][et_pb_section fb_built=&#8221;1&#8243; disabled_on=&#8221;on|on|on&#8221; _builder_version=&#8221;4.0.6&#8243; custom_padding=&#8221;40px|||||&#8221; disabled=&#8221;on&#8221;][et_pb_row _builder_version=&#8221;4.0.6&#8243; custom_padding=&#8221;0px|||||&#8221;][et_pb_column type=&#8221;4_4&#8243; _builder_version=&#8221;4.0.6&#8243;][et_pb_text _builder_version=&#8221;4.0.6&#8243; custom_padding=&#8221;||1px|||&#8221;]<\/p>\n<p><strong>Ota yhteytt\u00e4:<\/strong><br \/> <a href=\"mailto:info@friendsin.fi\">info@friendsin.fi<\/a><br \/> Harri Kalliokoski<br \/> 0400 661 389<\/p>\n<p>[\/et_pb_text][\/et_pb_column][\/et_pb_row][\/et_pb_section]<\/p>\n","protected":false},"excerpt":{"rendered":"<p>[et_pb_section fb_built=&#8221;1&#8243; fullwidth=&#8221;on&#8221; custom_padding_last_edited=&#8221;off|desktop&#8221; _builder_version=&#8221;4.4.7&#8243; background_image=&#8221;https:\/\/www.friendsin.fi\/wp-content\/uploads\/2019\/12\/Rajattu-1024&#215;540.jpg&#8221; background_blend=&#8221;darken&#8221; width_tablet=&#8221;&#8221; width_phone=&#8221;&#8221; width_last_edited=&#8221;on|desktop&#8221; min_height_tablet=&#8221;&#8221; min_height_phone=&#8221;600px&#8221; min_height_last_edited=&#8221;on|phone&#8221; height_tablet=&#8221;&#8221; height_phone=&#8221;600px&#8221; height_last_edited=&#8221;on|phone&#8221; max_height_tablet=&#8221;&#8221; max_height_phone=&#8221;600px&#8221; max_height_last_edited=&#8221;on|phone&#8221; custom_margin_phone=&#8221;0px||0px||false|false&#8221; custom_margin_last_edited=&#8221;off|desktop&#8221; custom_padding_phone=&#8221;0px||0px||false|false&#8221; bottom_divider_style=&#8221;asymmetric&#8221; bottom_divider_color=&#8221;#ffffff&#8221; bottom_divider_height=&#8221;160px&#8221; bottom_divider_flip=&#8221;horizontal&#8221;][et_pb_fullwidth_slider use_bg_overlay=&#8221;off&#8221; use_text_overlay=&#8221;off&#8221; _builder_version=&#8221;4.4.7&#8243; background_enable_image=&#8221;off&#8221; min_height=&#8221;1009px&#8221; custom_margin=&#8221;||-1px|||&#8221; custom_margin_tablet=&#8221;0px||-3px||false|false&#8221; custom_margin_phone=&#8221;0px|0px|1px|0px|false|false&#8221; custom_margin_last_edited=&#8221;off|desktop&#8221; custom_padding=&#8221;0px||3px|||&#8221; custom_padding_phone=&#8221;0px|0px|0px||false|false&#8221; custom_padding_last_edited=&#8221;off|desktop&#8221;][et_pb_slide heading=&#8221;Porukassa on voimaa&#8221; use_bg_overlay=&#8221;off&#8221; use_text_overlay=&#8221;off&#8221; _builder_version=&#8221;4.4.7&#8243; header_font=&#8221;Audiowide||||||||&#8221; header_text_align=&#8221;center&#8221; header_font_size=&#8221;100px&#8221; header_letter_spacing=&#8221;0px&#8221; background_image=&#8221;https:\/\/www.friendsin.fi\/wp-content\/uploads\/2019\/12\/Rajattu-scaled.jpg&#8221; background_enable_image=&#8221;on&#8221; background_position=&#8221;bottom_center&#8221; width_tablet=&#8221;&#8221; width_phone=&#8221;100%&#8221; width_last_edited=&#8221;on|phone&#8221; max_width=&#8221;100%&#8221; [&hellip;]<\/p>\n","protected":false},"author":2,"featured_media":0,"parent":0,"menu_order":0,"comment_status":"closed","ping_status":"closed","template":"","meta":{"_et_pb_use_builder":"on","_et_pb_old_content":"","_et_gb_content_width":""},"_links":{"self":[{"href":"https:\/\/www.friendsin.fi\/index.php\/wp-json\/wp\/v2\/pages\/12"}],"collection":[{"href":"https:\/\/www.friendsin.fi\/index.php\/wp-json\/wp\/v2\/pages"}],"about":[{"href":"https:\/\/www.friendsin.fi\/index.php\/wp-json\/wp\/v2\/types\/page"}],"author":[{"embeddable":true,"href":"https:\/\/www.friendsin.fi\/index.php\/wp-json\/wp\/v2\/users\/2"}],"replies":[{"embeddable":true,"href":"https:\/\/www.friendsin.fi\/index.php\/wp-json\/wp\/v2\/comments?post=12"}],"version-history":[{"count":125,"href":"https:\/\/www.friendsin.fi\/index.php\/wp-json\/wp\/v2\/pages\/12\/revisions"}],"predecessor-version":[{"id":405,"href":"https:\/\/www.friendsin.fi\/index.php\/wp-json\/wp\/v2\/pages\/12\/revisions\/405"}],"wp:attachment":[{"href":"https:\/\/www.friendsin.fi\/index.php\/wp-json\/wp\/v2\/media?parent=12"}],"curies":[{"name":"wp","href":"https:\/\/api.w.org\/{rel}","templated":true}]}}