{"id":189,"date":"2019-12-09T11:00:14","date_gmt":"2019-12-09T09:00:14","guid":{"rendered":"http:\/\/www.friendsin.fi\/?page_id=189"},"modified":"2020-02-04T12:55:00","modified_gmt":"2020-02-04T10:55:00","slug":"yhteisollisyyden-filosofiaa","status":"publish","type":"page","link":"https:\/\/www.friendsin.fi\/index.php\/yhteisollisyyden-filosofiaa\/","title":{"rendered":"Yhteis\u00f6llisyyden filosofiaa"},"content":{"rendered":"<p>[et_pb_section fb_built=&#8221;1&#8243; _builder_version=&#8221;4.0.6&#8243; width_tablet=&#8221;&#8221; width_phone=&#8221;&#8221; width_last_edited=&#8221;on|phone&#8221; max_width=&#8221;97%&#8221; max_width_tablet=&#8221;&#8221; max_width_phone=&#8221;100%&#8221; max_width_last_edited=&#8221;on|phone&#8221; min_height=&#8221;944px&#8221; min_height_tablet=&#8221;&#8221; min_height_phone=&#8221;&#8221; min_height_last_edited=&#8221;on|phone&#8221; custom_margin_tablet=&#8221;0px|0px|0px|0px|false|false&#8221; custom_margin_phone=&#8221;-1px||||false|false&#8221; custom_margin_last_edited=&#8221;on|phone&#8221; custom_padding=&#8221;0px|0px|0px|0px|false|false&#8221; max_width__hover_enabled=&#8221;on|desktop&#8221; custom_margin=&#8221;|-5px||||&#8221;][et_pb_row _builder_version=&#8221;4.0.6&#8243; column_structure=&#8221;1_2,1_2&#8243;][et_pb_column _builder_version=&#8221;4.0.6&#8243; type=&#8221;1_2&#8243;][et_pb_image src=&#8221;https:\/\/www.friendsin.fi\/wp-content\/uploads\/2019\/12\/toa-heftiba-rdoRdjOk-OY-unsplash-683&#215;1024.jpg&#8221; _builder_version=&#8221;4.0.6&#8243; hover_enabled=&#8221;0&#8243;][\/et_pb_image][\/et_pb_column][et_pb_column _builder_version=&#8221;4.0.6&#8243; type=&#8221;1_2&#8243;][et_pb_text _builder_version=&#8221;4.0.6&#8243; hover_enabled=&#8221;0&#8243;]<\/p>\n<h3><span>Yhteis\u00f6llisyyden\u00a0<\/span><span><\/span><span>filosofiaa<\/span><\/h3>\n<p><span><\/span><\/p>\n<p><strong>Heikki Lehtonen<\/strong>, \u201d<em>Yhteis\u00f6\u201d<\/em>, <em>Tampere 1990<\/em>,<br \/> otteita tiivistelm\u00e4tekstist\u00e4<\/p>\n<p>Yhteis\u00f6\u00e4 k\u00e4ytet\u00e4\u00e4n yleisesti ja ep\u00e4tarkasti ryhm\u00e4muodostelmien yleisnimityksen\u00e4. Yhteis\u00f6-k\u00e4sitteen ala voi vaihdella ihmiskunnasta pariin, kolmeen ihmiseen ja sen alueellinen laajuus maapallosta ruokakuntaan. Yleisimmill\u00e4\u00e4n k\u00e4site \u2019yhteis\u00f6\u2019 viittaa ihmisten v\u00e4lisen vuorovaikutuksen tapaan, yhteisyyteen, ihmisten v\u00e4liseen suhteeseen tai siihen, mik\u00e4 on tietylle ihmisryhm\u00e4lle yhteist\u00e4. Yhteis\u00f6j\u00e4 voidaan luokitella niiden tavoitteiden (esim. hoitoyhteis\u00f6t) ja vuorovaikutuksen luonteen (esim. aatteelliset yhteis\u00f6t) mukaan.<\/p>\n<p><span>Yhteis\u00f6st\u00e4 on kysymys silloin, kun ihmiset ovat liittyneet yhteen ja ryhtyneet yhteistoimintaan elinehtojensa parantamiseksi samalla, kun p\u00e4\u00e4t\u00f6svalta toiminnasta ja k\u00e4yt\u00f6ss\u00e4 olevista toimintaresursseista on yhteis\u00f6ll\u00e4, jonka hallintaan kaikki yhteis\u00f6n j\u00e4senet osallistuvat j\u00e4senyytens\u00e4 my\u00f6nt\u00e4m\u00e4ll\u00e4 oikeutuksella.<\/span><\/p>\n<p><span>Yhteis\u00f6ideaalin m\u00e4\u00e4ritelm\u00e4n sis\u00e4lt\u00e4m\u00e4t yhteis\u00f6llisen j\u00e4rjest\u00e4ytymisen ehdot ovat verraten tiukat. Yhteis\u00f6ss\u00e4 toimimisen tulee olla vapaaehtoista. Sen tavoitteiden tulee olla j\u00e4senten hyv\u00e4ksymi\u00e4, muutoin he eiv\u00e4t luovuttaisi yksil\u00f6llist\u00e4 p\u00e4\u00e4t\u00f6svaltaansa yhteis\u00f6lle. Toiminnan on oltava demokraattista ja tasa-arvoista. Yhteis\u00f6llinen p\u00e4\u00e4t\u00f6svalta edellytt\u00e4\u00e4 verraten suurta toimintavapautta. Tarve elinehtojen parantamiseen voi aiheutua ulkoisista syist\u00e4, mutta n\u00e4iden syiden on samalla oltava sellaisia, ett\u00e4 ne eiv\u00e4t est\u00e4 yhteis\u00f6n toimintaa.<\/span><\/p>\n<p><span>On selv\u00e4\u00e4, ett\u00e4 yhteis\u00f6n j\u00e4senill\u00e4 on oltava jotakin yhteist\u00e4 eli voidaan puhua yhteisyydest\u00e4, johon taas on kaksi kehitysprosessia. (1) Yhteisyys vuorovaikutuksessa kehittyv\u00e4n\u00e4 ilmi\u00f6n\u00e4. J\u00e4senten ryhm\u00e4identiteetti muotoutuu konkreettisen toiminnan seurauksena ja tuloksena voi olla toiminnallinen yhteis\u00f6. (2) Yhteisyys tietoisuudessa vahvistuvana yhteenkuuluvuuden tunteena, jonka tuloksena kehittyy symbolista yhteisyytt\u00e4. Se voidaan ymm\u00e4rt\u00e4\u00e4 ryhm\u00e4identiteetti\u00e4 vahvistavana tietoisuusmuotona. Modernissa maailmassa my\u00f6s symbolista yhteisyytt\u00e4 kutsutaan yhteis\u00f6ksi.<\/span><\/p>\n<p><span>Yhteis\u00f6llisyys voidaan k\u00e4sitt\u00e4\u00e4 ideana tai tavoitteena ja t\u00e4ss\u00e4 mieless\u00e4 oppina tietyst\u00e4 vuorovaikutustavasta. Kun joukko ihmisi\u00e4 pyrkii j\u00e4rjest\u00e4m\u00e4\u00e4n el\u00e4m\u00e4ns\u00e4 t\u00e4m\u00e4n idean mukaisesti, kysymyksess\u00e4 on yhteis\u00f6llistyminen. Vaikka yhteis\u00f6llistyminen ei johtaisikaan vuorovaikutuksen yhteis\u00f6lliseen organisoitumiseen ja yhteis\u00f6ihin, se on hyv\u00e4ksytt\u00e4v\u00e4 siit\u00e4 huolimatta olemassaolevana tosiasiana. Kun ihmisryhmiin pyrit\u00e4\u00e4n vaikuttamaan niiden ulkopuolelta niin, ett\u00e4 ne j\u00e4rjest\u00e4isiv\u00e4t el\u00e4m\u00e4\u00e4ns\u00e4 yhteis\u00f6llisesti, kysymys on yhteis\u00f6llist\u00e4misest\u00e4.<\/span><\/p>\n<p><strong><em>FriendsIn on yhteis\u00f6llisyyden alusta<\/em> eli moderni alustatalouden mahdollisuuksia hy\u00f6dynt\u00e4v\u00e4 ty\u00f6kalu, mik\u00e4 mahdollistaa erilaisten yhteis\u00f6jen muodostumisen (=yst\u00e4v\u00e4t, kunta, maakunta) k\u00e4ytt\u00e4j\u00e4yst\u00e4v\u00e4llisell\u00e4 tavalla. Yhteis\u00f6jen tavoite on kollektiivisen ostovoiman rakentaminen kaikkia hy\u00f6dytt\u00e4v\u00e4sti.<\/strong><\/p>\n<p><strong>FriendsIn avulla ostovoima voidaan suunnata kaikkia hy\u00f6dytt\u00e4v\u00e4sti hy\u00f6dykkeiden ja palvelujen hankinnassa.\u00a0<\/strong><\/p>\n<p>[\/et_pb_text][\/et_pb_column][\/et_pb_row][\/et_pb_section]<\/p>\n","protected":false},"excerpt":{"rendered":"<p>[et_pb_section fb_built=&#8221;1&#8243; _builder_version=&#8221;4.0.6&#8243; width_tablet=&#8221;&#8221; width_phone=&#8221;&#8221; width_last_edited=&#8221;on|phone&#8221; max_width=&#8221;97%&#8221; max_width_tablet=&#8221;&#8221; max_width_phone=&#8221;100%&#8221; max_width_last_edited=&#8221;on|phone&#8221; min_height=&#8221;944px&#8221; min_height_tablet=&#8221;&#8221; min_height_phone=&#8221;&#8221; min_height_last_edited=&#8221;on|phone&#8221; custom_margin_tablet=&#8221;0px|0px|0px|0px|false|false&#8221; custom_margin_phone=&#8221;-1px||||false|false&#8221; custom_margin_last_edited=&#8221;on|phone&#8221; custom_padding=&#8221;0px|0px|0px|0px|false|false&#8221; max_width__hover_enabled=&#8221;on|desktop&#8221; custom_margin=&#8221;|-5px||||&#8221;][et_pb_row _builder_version=&#8221;4.0.6&#8243; column_structure=&#8221;1_2,1_2&#8243;][et_pb_column _builder_version=&#8221;4.0.6&#8243; type=&#8221;1_2&#8243;][et_pb_image src=&#8221;https:\/\/www.friendsin.fi\/wp-content\/uploads\/2019\/12\/toa-heftiba-rdoRdjOk-OY-unsplash-683&#215;1024.jpg&#8221; _builder_version=&#8221;4.0.6&#8243; hover_enabled=&#8221;0&#8243;][\/et_pb_image][\/et_pb_column][et_pb_column _builder_version=&#8221;4.0.6&#8243; type=&#8221;1_2&#8243;][et_pb_text _builder_version=&#8221;4.0.6&#8243; hover_enabled=&#8221;0&#8243;] Yhteis\u00f6llisyyden\u00a0filosofiaa Heikki Lehtonen, \u201dYhteis\u00f6\u201d, Tampere 1990, otteita tiivistelm\u00e4tekstist\u00e4 Yhteis\u00f6\u00e4 k\u00e4ytet\u00e4\u00e4n yleisesti ja ep\u00e4tarkasti ryhm\u00e4muodostelmien yleisnimityksen\u00e4. Yhteis\u00f6-k\u00e4sitteen ala voi vaihdella ihmiskunnasta pariin, kolmeen ihmiseen ja [&hellip;]<\/p>\n","protected":false},"author":2,"featured_media":0,"parent":0,"menu_order":0,"comment_status":"closed","ping_status":"closed","template":"","meta":{"_et_pb_use_builder":"on","_et_pb_old_content":"","_et_gb_content_width":""},"_links":{"self":[{"href":"https:\/\/www.friendsin.fi\/index.php\/wp-json\/wp\/v2\/pages\/189"}],"collection":[{"href":"https:\/\/www.friendsin.fi\/index.php\/wp-json\/wp\/v2\/pages"}],"about":[{"href":"https:\/\/www.friendsin.fi\/index.php\/wp-json\/wp\/v2\/types\/page"}],"author":[{"embeddable":true,"href":"https:\/\/www.friendsin.fi\/index.php\/wp-json\/wp\/v2\/users\/2"}],"replies":[{"embeddable":true,"href":"https:\/\/www.friendsin.fi\/index.php\/wp-json\/wp\/v2\/comments?post=189"}],"version-history":[{"count":16,"href":"https:\/\/www.friendsin.fi\/index.php\/wp-json\/wp\/v2\/pages\/189\/revisions"}],"predecessor-version":[{"id":351,"href":"https:\/\/www.friendsin.fi\/index.php\/wp-json\/wp\/v2\/pages\/189\/revisions\/351"}],"wp:attachment":[{"href":"https:\/\/www.friendsin.fi\/index.php\/wp-json\/wp\/v2\/media?parent=189"}],"curies":[{"name":"wp","href":"https:\/\/api.w.org\/{rel}","templated":true}]}}